{"id":238,"date":"2010-11-23T00:17:49","date_gmt":"2010-11-22T23:17:49","guid":{"rendered":"http:\/\/resistente.noblogs.org\/"},"modified":"2011-08-04T09:59:42","modified_gmt":"2011-08-04T07:59:42","slug":"documenti","status":"publish","type":"page","link":"https:\/\/resistente.noblogs.org\/?page_id=238","title":{"rendered":"Documenti"},"content":{"rendered":"<h3>[DOCUMENTO] Finanziaria di lacrime, sangue..e carbone.<\/h3>\n<p><em>Il paese \u00e8 in crisi e il governo, mentre si appella alla responsabilit\u00e0, tutela Enel Spa, principessa della speculazione.<\/em><\/p>\n<p style=\"text-align: right\">di Flavio Stasi<\/p>\n<p style=\"text-align: right\">(http:\/\/resistente.noblogs.org)<\/p>\n<p><a href=\"https:\/\/resistente.noblogs.org\/files\/2011\/08\/Finanziaria-di-lacrime-sangue-e-carbone_cop.pdf\"><img loading=\"lazy\" decoding=\"async\" class=\"size-full wp-image-573 alignnone\" style=\"margin: 5px\" src=\"https:\/\/resistente.noblogs.org\/files\/2011\/08\/copertina_2_min.jpg\" alt=\"\" width=\"200\" height=\"283\" \/><\/a><\/p>\n<p><strong>INDICE<\/strong><\/p>\n<p><strong>1. Questione di responsabilit\u00e0 nazionale<\/strong><\/p>\n<p><strong>2. Enel e Governo: storia di una violazione continua<\/strong><\/p>\n<p><strong>3. Cosa prevede la Finanziaria 2011?<\/strong><\/p>\n<p><strong>4. Questa norma pu\u00f2 riguardare la centrale di Rossano?<\/strong><\/p>\n<p><strong>5. Conclusioni: gli speculatori hanno amici nei governi, ma non sui territori<\/strong><\/p>\n<p><strong>Appendice A: Riferimenti Legilsativi<\/strong><\/p>\n<h3><a href=\"https:\/\/resistente.noblogs.org\/files\/2011\/08\/Finanziaria-di-lacrime-sangue-e-carbone_cop.pdf\"><img loading=\"lazy\" decoding=\"async\" src=\"https:\/\/resistente.noblogs.org\/files\/2010\/09\/pdf.jpeg\" alt=\"\" width=\"30\" height=\"33\" \/>SCARICA IL DOCUMENTO IN FORMATO PDF<\/a><\/h3>\n<hr \/>\n<h3>[PICCOLO DOSSIER] Pane, musica e territorio<\/h3>\n<h4 style=\"text-align: center\"><em>L\u2019estate di chi, tra un concerto ed un ballo, ama la propria terra e difende diritti e salute dei cittadini<\/em><\/h4>\n<p style=\"text-align: justify\"><a href=\"https:\/\/resistente.noblogs.org\/files\/2010\/09\/pane-musica-territorio.pdf\"><img loading=\"lazy\" decoding=\"async\" class=\"size-large wp-image-150 alignleft\" src=\"https:\/\/resistente.noblogs.org\/files\/2010\/09\/pane-musica-territorio-723x1024.jpg\" alt=\"\" width=\"156\" height=\"221\" srcset=\"https:\/\/resistente.noblogs.org\/files\/2010\/09\/pane-musica-territorio-723x1024.jpg 723w, https:\/\/resistente.noblogs.org\/files\/2010\/09\/pane-musica-territorio-211x300.jpg 211w, https:\/\/resistente.noblogs.org\/files\/2010\/09\/pane-musica-territorio.jpg 826w\" sizes=\"auto, (max-width: 156px) 100vw, 156px\" \/><\/a><\/p>\n<p style=\"text-align: justify\">Al 31 d&#8217;agosto il sole sembra iniziare a nascondersi tra le prime nuvole del prossimo autunno, ma sulle pagine dei quotidiani nazionali si parla di Calabria non solo per le buie note di &#8216;ndrangheta che provengono da Reggio Calabria e Corigliano Calabro.<\/p>\n<p style=\"text-align: justify\">Quando i comitati ambientalisti della Calabria e della Puglia si sono incontrati a met\u00e0 Luglio tra le strade soleggiate di uno scorcio di Sibaritide non avevano idea del fatto che avrebbero movimentato un Agosto \u201ccaldo\u201d non solo per l&#8217;afa. In realt\u00e0 non l&#8217;avevamo programmato, lo abbiamo fatto e basta. Insieme a noi altri cittadini, altre storie, altri territori hanno deciso di \u201cballare\u201d, di fare in modo che la musica che solitamente scandisce le estati del bel paese non rappresenti il solito sollazzo, ma veicoli anche consapevolezza, amore per la propria terra e difesa della salute.<\/p>\n<p style=\"text-align: justify\">Cos\u00ec mi sono accorto che oggi, quando agosto sta per lasciar spazio all&#8217;imprevedibilit\u00e0 settembrina, pu\u00f2 essere giorno di bilanci.<\/p>\n<p style=\"text-align: justify\">Un piccolo bilancio certo, umile come le voci intonate che lo compongono, ma colmo di soddisfazioni. Questo piccolo dossier, nato quasi per gioco tra un caff\u00e8 e una pagina di studio, non \u00e8 altro che una raccolta di comunicati, documenti e foto, ed ha il semplice scopo di dimostrare che si pu\u00f2 fare qualcosa in difesa del presente e del futuro anche canticchiando una canzone, saltando a ritmo di folk o facendo un bagno tra gli scogli della Costa Viola.<\/p>\n<p style=\"text-align: right\"><strong>Flavio Stasi<\/strong><\/p>\n<p style=\"text-align: right\"><em>Rete per la Difesa Territoriale \u201cFranco Nistic\u00f2\u201d<\/em><\/p>\n<h3 style=\"text-align: left\"><a href=\"https:\/\/resistente.noblogs.org\/files\/2010\/09\/pane-musica-territorio.pdf\"><img loading=\"lazy\" decoding=\"async\" class=\"alignnone\" style=\"margin: 5px;border: 0pt none\" src=\"https:\/\/resistente.noblogs.org\/files\/2010\/09\/pdf.jpeg\" alt=\"\" width=\"30\" height=\"33\" \/>SCARICA IL DOSSIER IN FORMATO PDF<\/a><\/h3>\n<p style=\"text-align: center\">&nbsp;<\/p>\n<hr \/>\n<h3>[FOTOREPORT] &#8220;Perfettamente Integrata&#8221;<\/h3>\n<h4 style=\"text-align: center\"><a href=\"https:\/\/resistente.noblogs.org\/files\/2010\/11\/P7170048.jpg\"><img loading=\"lazy\" decoding=\"async\" class=\"size-medium wp-image-257 alignleft\" style=\"margin: 5px\" src=\"https:\/\/resistente.noblogs.org\/files\/2010\/11\/P7170048-300x210.jpg\" alt=\"\" width=\"180\" height=\"126\" srcset=\"https:\/\/resistente.noblogs.org\/files\/2010\/11\/P7170048-300x210.jpg 300w, https:\/\/resistente.noblogs.org\/files\/2010\/11\/P7170048.jpg 749w\" sizes=\"auto, (max-width: 180px) 100vw, 180px\" \/><\/a><em>I paesaggi della sibaritide e la centrale dei sogni!<\/em><\/h4>\n<p style=\"text-align: justify\">Una nota del direttore della centrale Enel di Rossano e di Laino Borgo, Luigi Martella, recita, tra le altre cose: \u00ab<em>L&#8217;impianto di rossano \u00e8 moderno dal punto di vista architettonico e si adatterebbe al paesaggio<\/em>\u00bb. Mentre il molo in mare sarebbe <em>\u00abuna semplice striscia di cemento<\/em>\u00bb.<\/p>\n<p style=\"text-align: justify\">&nbsp;<\/p>\n<p><a href=\"https:\/\/resistente.noblogs.org\/post\/2010\/06\/21\/fotoreport-perfettamente-integrata-i-paesaggi-della-sibaritide-e-la-centrale-dei-sogni\/\">Guarda tutto il fotoreport<\/a><\/p>\n<p><a href=\"https:\/\/resistente.noblogs.org\/resource\/la-centrale-dei-sogni-perfettamente-integrata\/view\/fotoreport%20paesaggistico.pdf\">SCARICA IL PDF <\/a><a href=\"https:\/\/resistente.noblogs.org\/resource\/la-centrale-dei-sogni-perfettamente-integrata\/view\/fotoreport%20paesaggistico.pdf\"><img loading=\"lazy\" decoding=\"async\" src=\"https:\/\/resistente.noblogs.org\/files\/2010\/09\/pdf.jpeg\" alt=\"\" width=\"27\" height=\"30\" \/><\/a><\/p>\n<hr \/>\n<h3><strong>[Documento] A proposito della nota 160 del 4 settembre 2009<\/strong><\/h3>\n<p style=\"text-align: right\">di Flavio Stasi<\/p>\n<p style=\"text-align: right\">Studente della Facolt\u00e0 di Ingegneria, Universit\u00e0 della Calabria<\/p>\n<p><strong>Nota<\/strong><\/p>\n<p style=\"text-align: justify\">Nel  tempo del \u201crumore\u201d libero della rete contrapposto alla orripilante  sinfonia proprietaria dei mezzi comunicativi di massa, anche coloro che  fanno militanza politica sono ormai pi\u00f9 abituati a leggere e criticare  le analisi altrui piuttosto che sforzarsi di farne delle proprie e  collettivizzarle. Collettivizzare significa confrontarsi apertamente in  assemblee ed incontri, quindi mettersi in discussione. Per questo \u00e8  desiderio dell&#8217;autore che questo breve scritto venga discusso, corretto,  migliorato e superato da confronti e approfondimenti, nonch\u00e9 da  ulteriori documenti, in quanto ha l&#8217;aspirazione di essere solo un umile  spunto di discussione.<\/p>\n<p><a href=\"https:\/\/resistente.noblogs.org\/post\/2010\/03\/16\/considerazioni-sulla-nota-160\/\">Leggi tutto il documento<\/a><\/p>\n<p><a href=\"https:\/\/resistente.noblogs.org\/files\/2010\/11\/Considerazioni_Nota_160.pdf\">Scarica il PDF<\/a> <a href=\"https:\/\/resistente.noblogs.org\/files\/2010\/11\/Considerazioni_Nota_160.pdf\"><img loading=\"lazy\" decoding=\"async\" style=\"margin: 0px\" src=\"https:\/\/resistente.noblogs.org\/files\/2010\/09\/pdf.jpeg\" alt=\"\" width=\"27\" height=\"30\" \/><\/a><\/p>\n<hr \/>\n<h3><strong><strong>[Documento]<\/strong> <\/strong>A proposito del documentario \u201cI segreti di Cuba\u201d prodotto e trasmesso in questi giorni dal canale Current durante il programma Vanguard<\/h3>\n<p style=\"text-align: justify\">Se lo spirito con cui il documentario \u00e8 stato girato, ma soprattutto  montato, \u00e8 una parodia autoironica della condizione occidentale e della  propaganda antisocialista del secolo scorso, il documentario \u00e8  perfettamente riuscito. Purtroppo, dalla seriet\u00e0 con cui il conduttore  Davide Scalenghe ha concluso il programma, sottolineando le difficili  condizioni della libert\u00e0 di stampa in Italia, apprendo che lo spirito  era ben diverso: l&#8217;ennesima strumentalizzazione della condizione della  gente cubana in chiave politica filo-occidentale.<\/p>\n<p><a href=\"https:\/\/resistente.noblogs.org\/post\/2009\/11\/08\/a-proposito-del-documentario-i-segreti-di-cuba-prodotto-e-trasmesso-in-questi-giorni-dal-canale-current-durante-il-programma-vanguard\/\">Leggi tutto il documento<\/a><\/p>\n<p><a href=\"https:\/\/resistente.noblogs.org\/files\/2010\/11\/a-proposito-dei-segreti-di-cuba.pdf\">Scarica il PDF<\/a> <a href=\"https:\/\/resistente.noblogs.org\/files\/2010\/11\/a-proposito-dei-segreti-di-cuba.pdf\"><img loading=\"lazy\" decoding=\"async\" src=\"https:\/\/resistente.noblogs.org\/files\/2010\/09\/pdf.jpeg\" alt=\"\" width=\"27\" height=\"30\" \/><\/a><\/p>\n<hr \/>\n<h3><strong><strong>[Documento]<\/strong> <\/strong>La bozza Martinotti<\/h3>\n<p style=\"text-align: right\">di Flavio Stasi<\/p>\n<p style=\"text-align: right\">Studente Facolt\u00e0 di Ingegneria<\/p>\n<p style=\"text-align: right\">Universit\u00e0 della Calabria<\/p>\n<p><strong>1. Introduzione<\/strong><\/p>\n<p style=\"text-align: justify\">Il  ministero dell&#8217;universit\u00e0 e della ricerca, attraverso decreto emanato  il 29 ottobre 1996, istituiva un gruppo di lavoro, coordinato da Guido  Martinotti, con lo scopo di analizzare lo stato dell&#8217;alta istruzione  italiana e trarne proposte per l&#8217;ammodernamento e l&#8217;innovazione, con  particolare riferimento all&#8217;incalzante necessit\u00e0 di <em>europeizzazione <\/em>del nostro sistema formativo<a title=\"sdfootnote1anc\" name=\"sdfootnote1anc\" href=\"post.php?post=11&amp;action=edit#sdfootnote1sym\"><sup>1<\/sup><\/a>,  inquadrata nell&#8217;armonizzazione degli ordinamenti didattici e delle  normative inerenti all&#8217;universit\u00e0, in tutti i paesi membri dell&#8217;unione  europea. In particolare il gruppo di lavoro dovr\u00e0 operare nell&#8217;ambito di  \u201c<em>autonomia universitaria e innovazione dei corsi di studio a livello universitario e post-universitario<\/em>\u201d<a title=\"sdfootnote2anc\" name=\"sdfootnote2anc\" href=\"post.php?post=11&amp;action=edit#sdfootnote2sym\"><sup>2<\/sup><\/a>.<\/p>\n<p style=\"text-align: justify\">Circa un anno dopo, il 21 ottobre 1997, il gruppo composto da numerosi docenti affiancati da tecnici e politici (alcuni docenti sono a loro volta politici), presenta al ministero un documento con cui delinea i risultati finali del lavoro svolto, documento  che sar\u00e0 poi denominato <em>bozza Martinotti,<\/em><em><strong> <\/strong><\/em>dal coordinatore e professore di sociologia all&#8217;universit\u00e0 Bicocca di Milano.<\/p>\n<p><a href=\"https:\/\/resistente.noblogs.org\/post\/2009\/07\/25\/la-bozza-martinotti\/\">Leggi tutto il documento<\/a><\/p>\n<p><a href=\"https:\/\/resistente.noblogs.org\/files\/2010\/11\/Appunti-sulla-Bozza-Martinotti.pdf\">Scarica il PDF <img loading=\"lazy\" decoding=\"async\" src=\"https:\/\/resistente.noblogs.org\/files\/2010\/09\/pdf.jpeg\" alt=\"\" width=\"27\" height=\"30\" \/><\/a><\/p>\n<hr \/>\n<p><em><strong> <\/strong><\/em><\/p>\n<p>&nbsp;<\/p>\n<h3><strong><strong>[Documento]<\/strong> Riflessioni sul movimento studentesco<\/strong><\/h3>\n<p style=\"text-align: right\"><strong>di Flavio Stasi<br \/>\n<\/strong><\/p>\n<p><strong>Cosa stiamo vivendo?<\/strong><\/p>\n<p style=\"text-align: justify\">Non  possiamo non essere realisti, viviamo giorni ingloriosi. Attraversiamo  tempi e spazi bui, in cui \u00e8 raro avvertire qualsivoglia idealit\u00e0, in cui  l&#8217;inutile ed arcaica solidariet\u00e0 deve lasciar posto ad uno spiccato ed  efficiente egoismo, dove valori come uguaglianza e giustizia risultano  vuote entit\u00e0 schiacciate dalla molto pi\u00f9 pratica convenienza e da schemi  predefiniti, imprescindibili. Come studenti ci rapportiamo ogni giorno  con tempi frenetici e compressi, investiti in un processo di formazione  che risulter\u00e0 poi inutile per la nostra crescita umana e intellettuale,  funger\u00e0 invece da biglietto d&#8217;ingresso per il mercato del lavoro, un  biglietto che non ci garantir\u00e0 assolutamente alcuna certezza o  stabilit\u00e0, anzi, solo pochi di noi saranno risparmiati dalla precariet\u00e0  lavorativa e di vita. Mercato del lavoro: di primo acchito  un&#8217;espressione del tutto naturale, di uso frequente, eppure di per s\u00e9  concetto che rappresenta una pesante ipoteca nella libert\u00e0 individuale e  collettiva degli uomini. Che cosa \u00e8 il lavoro? Quale \u00e8 il significato e quale lo scopo?<\/p>\n<p><a href=\"https:\/\/resistente.noblogs.org\/post\/2008\/12\/25\/riflessioni-sul-documento-studentesco\/\">Leggi tutto il documento<\/a><\/p>\n<p><a href=\"https:\/\/resistente.noblogs.org\/files\/2010\/11\/riflessioni-sul-movimento-studentesco.pdf\">Scarica il PDF <img loading=\"lazy\" decoding=\"async\" src=\"https:\/\/resistente.noblogs.org\/files\/2010\/09\/pdf.jpeg\" alt=\"\" width=\"27\" height=\"30\" \/><\/a><\/p>\n","protected":false},"excerpt":{"rendered":"<p>[DOCUMENTO] Finanziaria di lacrime, sangue..e carbone. Il paese \u00e8 in crisi e il governo, mentre si appella alla responsabilit\u00e0, tutela Enel Spa, principessa della speculazione. di Flavio Stasi (http:\/\/resistente.noblogs.org) INDICE 1. Questione di responsabilit\u00e0 nazionale 2. Enel e Governo: storia di una violazione continua 3. Cosa prevede la Finanziaria 2011? 4. Questa norma pu\u00f2 riguardare [&hellip;]<\/p>\n","protected":false},"author":1569,"featured_media":0,"parent":0,"menu_order":0,"comment_status":"open","ping_status":"open","template":"","meta":{"footnotes":""},"class_list":["post-238","page","type-page","status-publish","hentry"],"_links":{"self":[{"href":"https:\/\/resistente.noblogs.org\/index.php?rest_route=\/wp\/v2\/pages\/238","targetHints":{"allow":["GET"]}}],"collection":[{"href":"https:\/\/resistente.noblogs.org\/index.php?rest_route=\/wp\/v2\/pages"}],"about":[{"href":"https:\/\/resistente.noblogs.org\/index.php?rest_route=\/wp\/v2\/types\/page"}],"author":[{"embeddable":true,"href":"https:\/\/resistente.noblogs.org\/index.php?rest_route=\/wp\/v2\/users\/1569"}],"replies":[{"embeddable":true,"href":"https:\/\/resistente.noblogs.org\/index.php?rest_route=%2Fwp%2Fv2%2Fcomments&post=238"}],"version-history":[{"count":20,"href":"https:\/\/resistente.noblogs.org\/index.php?rest_route=\/wp\/v2\/pages\/238\/revisions"}],"predecessor-version":[{"id":242,"href":"https:\/\/resistente.noblogs.org\/index.php?rest_route=\/wp\/v2\/pages\/238\/revisions\/242"}],"wp:attachment":[{"href":"https:\/\/resistente.noblogs.org\/index.php?rest_route=%2Fwp%2Fv2%2Fmedia&parent=238"}],"curies":[{"name":"wp","href":"https:\/\/api.w.org\/{rel}","templated":true}]}}